{"id":5,"date":"2019-12-16T20:27:04","date_gmt":"2019-12-17T01:27:04","guid":{"rendered":"http:\/\/logitrack.info\/wordpress\/mesmerize\/"},"modified":"2019-12-19T21:44:54","modified_gmt":"2019-12-20T02:44:54","slug":"mesmerize","status":"publish","type":"page","link":"https:\/\/logisticayseguridad.com\/wordpress\/","title":{"rendered":"Inicio"},"content":{"rendered":"<div  id=\"overlappable-1\" data-label=\"Overlappable\" data-id=\"overlappable-7-mc\" data-export-id=\"overlappable-7-mc\" data-category=\"overlappable\" class=\"overlappable-7-mc content-section content-section-spacing\" data-overlap=\"true\"><div  class=\"gridContainer\"> <div  data-type=\"row\" class=\"row shadow\"><div  class=\"col-xs-12 col-sm-6 col-padding-small col-padding-small-xs bg-color-white col-md-4 \"> <div  class=\"text-center\"><div  class=\"col-xs-12 col-sm-fit space-bottom-small-xs\"> <i  class=\"fa icon color-black fa-car large\"><\/i><\/div> <div  data-type=\"column\" class=\"col-xs-12 col-sm\"><h4  class=\"\">Logitrack<\/h4> <p  class=\"\">Rastreo satelital vehicular Online. Seguimiento de veh\u00edculos eficaz.<\/p><\/div> <\/div><\/div> <div  class=\"col-xs-12 col-sm-6 col-padding-small col-padding-small-xs bg-color-white col-md-4 \"><div  class=\"text-center\"> <div  class=\"col-xs-12 col-sm-fit space-bottom-small-xs\"><i  class=\"fa icon color-black fa-calculator large\"><\/i><\/div> <div  data-type=\"column\" class=\"col-xs-12 col-sm\"><h4  class=\"\">Dom\u00f3tica y Remodelaciones<\/h4> <p  class=\"\">Has que tus espacios cobren vida y controla todo desde\nde tu mano.<\/p><\/div> <\/div><\/div> <div  class=\"col-xs-12 col-sm-6 col-padding-small col-padding-small-xs bg-color-white col-md-4 \"><div  class=\"text-center\"> <div  class=\"col-xs-12 col-sm-fit space-bottom-small-xs\"><i  class=\"fa icon color-black fa-bank large\"><\/i><\/div> <div  data-type=\"column\" class=\"col-xs-12 col-sm\"><h4  class=\"\">Log\u00edstica y Seguridad Logitrack S.A.S<\/h4> <p  class=\"\">Soluciones t\u00e9cnologicas aplicadas a la seguridad.<\/p><\/div> <\/div><\/div>  <\/div><\/div> <\/div><div data-label=\"Cta\" data-id=\"cta--1\" data-export-id=\"cta-blue-section\" data-category=\"cta\" class=\"cta-blue-section content-section content-section-spacing-medium bg-color1 white-text\" id=\"cta-1\"  style=\"background-color: rgb(245, 250, 253);\"><div class=\"gridContainer\" > <div class=\"row middle-xs\" ><div class=\"col-sm-8 space-bottom-xs\" data-type=\"column\" > <h2 class=\"\" >Ingresa ahora a nuestra plataforma de Rastreo Veh\u00edcular.<\/h2> <\/div> <div class=\"col-sm-4 end-sm\" data-type=\"column\" > <a class=\"button color2\" href=\"http:\/\/track.logitrack.net\"  target=\"_blank\" data-cp-link=\"1\">Acceder Ahora<\/a><\/div> <\/div><\/div> <\/div><div  id=\"counters-2\" style=\"background-color: #ffffff;\" data-label=\"Counters\" data-id=\"counters-2\" data-export-id=\"counters-2\" data-category=\"counters\" class=\"counters-2 content-section content-section-spacing\"><div  class=\"gridContainer\"> <div  class=\"row text-center\"><div  class=\"section-title-col\" data-type=\"column\"> <h2  class=\"\">Contadores<\/h2> <p  class=\"lead\">Estamos para ofrecerte lo mejor, nuestros servicios ee encuentran totalmente enfocados a soluciones robustas que cumplan con las necesidades de nuestros clientes.<\/p><\/div> <\/div> <div  class=\"row\" data-type=\"row\"> <div  class=\"col-xs-12 col-sm-4 text-center space-bottom col-md-6\"> <i  class=\"fa icon color1 fa-bus\"><\/i> <h3  class=\"font-400\" data-min=\"0\" data-max=\"200\" data-duration=\"2000\" data-prefix=\"\" data-suffix=\"+\" data-countup=\"true\" style=\"display: inline-block;\"><\/h3> <h5  class=\"upper color2\">Veh\u00edcululos en seguimiento<\/h5><\/div> <div  class=\"col-xs-12 col-sm-4 text-center space-bottom col-md-6\"><i  class=\"fa fa-smile-o icon color1\"><\/i> <h3  class=\"font-400\" data-min=\"10000\" data-max=\"87\" data-duration=\"2000\" data-prefix=\"\" data-suffix=\"+\" data-countup=\"true\" style=\"display: inline-block;\"><\/h3> <h5  class=\"upper color2\">clientes felices<\/h5><\/div>  <\/div><\/div> <\/div><div  id=\"latest-news-1\" style=\"background-color: #f5fafd;\" data-label=\"Latest-news\" data-id=\"blog-section\" data-export-id=\"blog-section\" data-category=\"latest_news\" class=\"blog-section blog-section-standard content-section content-section-spacing\"><div  class=\"gridContainer\"> <div  class=\"row\"><div  data-type=\"column\" class=\"section-title-col\"> <h2  class=\"\">\u00daltimas Noticias<\/h2> <p  class=\"lead\">Encuentra nuestras \u00fatimas novedades y tendencias actuales del mundo en t\u00e9cnologias para \u00f1a seguridad, dom\u00f3tica y sistemas de seguimiento veh\u00edcular.<\/p><\/div> <\/div> <div  class=\"row\"> <div  data-type=\"row\" data-dynamic-columns=\"handled\" data-content-shortcode=\"mesmerize_latest_news\">\t\t<div class=\"row center-sm content-left-sm\">\n\t\t\t\t\t<div id=\"post-1\" class=\"col-sm-6 col-md-4 space-bottom space-bottom-xs\">\n\t\t\t\t<div class=\"post-content card y-move bordered\">\n\t\t\t\t\t<div class=\"post-thumbnail\">\n   <a href=\"https:\/\/logisticayseguridad.com\/wordpress\/2019\/12\/16\/hola-mundo\/\" class=\"post-list-item-thumb \">\n      <img loading=\"lazy\" decoding=\"async\" width=\"256\" height=\"142\" src=\"https:\/\/logisticayseguridad.com\/wordpress\/wp-content\/uploads\/2019\/12\/Header-Logo.png\" class=\"attachment-post-thumbnail size-post-thumbnail wp-post-image\" alt=\"\" \/>   <\/a>\n<\/div>\n\t\t\t\t\t<div class=\"col-padding col-padding-xs\">\n\t\t\t\t\t\t<h3 class=\"post-title space-bottom-small\">\n\t\t\t\t\t\t\t<a href=\"https:\/\/logisticayseguridad.com\/wordpress\/2019\/12\/16\/hola-mundo\/\" rel=\"bookmark\">\n\t\t\t\t\t\t\t\t\u00a1Hola mundo!\t\t\t\t\t\t\t<\/a>\n\t\t\t\t\t\t<\/h3>\n\t\t\t\t\t\t<p>Welcome to WordPress. This is your first post. Edit or delete it, then start writing!<\/p>\n\t\t\t\t\t\t<a class=\"read-more link\" href=\"https:\/\/logisticayseguridad.com\/wordpress\/2019\/12\/16\/hola-mundo\/\">\n\t\t\t\t\t\t\tRead more\t\t\t\t\t\t<\/a>\n\t\t\t\t\t<\/div>\n\t\t\t\t<\/div>\n\t\t\t<\/div>\n\t\t\t\t<\/div>\n\t<\/div><\/div> <div  class=\"row\"><div  class=\"text-center\"> <a  class=\"button color1\" data-attr-shortcode=\"href:mesmerize_blog_link\" href=\"https:\/\/logisticayseguridad.com\/wordpress\/blog\/\">SEE ALL BLOG POSTS<\/a><\/div> <\/div><\/div><\/div><div  id=\"contact-1\" data-label=\"Contact\" data-id=\"contact-1\" data-export-id=\"contact-1\" data-category=\"contact\" class=\"contact-1 content-section content-section-spacing white-text\" data-parallax-depth=\"20\"><div  class=\"gridContainer\"> <div  class=\"row text-center\"><div  class=\"section-title-col\" data-type=\"column\"> <h2  class=\"\">Cont\u00e1ctenos<\/h2> <p  class=\"lead\">No dude en contactarnos, estaremos encantados de atender sus necesidades y requerimientos.<\/p><\/div> <\/div> <div  class=\"row text-center\"> <div  class=\"col-xs-12 col-sm-8 col-sm-offset-2 contact-form-wrapper inline-info\"> <div  class=\"card large-padding\"> <div  class=\"\" data-content-shortcode=\"mesmerize_contact_form shortcode=&quot;wpforms id=&amp;amp;quot;48&amp;amp;quot; title=&amp;amp;quot;false&amp;amp;quot; description=&amp;amp;quot;false&amp;amp;quot;&quot;\" data-editable=\"true\"><div class=\"wpforms-container wpforms-container-full\" id=\"wpforms-48\"><form id=\"wpforms-form-48\" class=\"wpforms-validate wpforms-form\" data-formid=\"48\" method=\"post\" enctype=\"multipart\/form-data\" action=\"\/wordpress\/wp-json\/wp\/v2\/pages\/5\" data-token=\"f2590c355c7d8e417719386943a7230c\" data-token-time=\"1777425773\"><noscript class=\"wpforms-error-noscript\">Por favor, activa JavaScript en tu navegador para completar este formulario.<\/noscript><div class=\"wpforms-field-container\"><div id=\"wpforms-48-field_0-container\" class=\"wpforms-field wpforms-field-name\" data-field-id=\"0\"><label class=\"wpforms-field-label\" for=\"wpforms-48-field_0\">Nombre <span class=\"wpforms-required-label\">*<\/span><\/label><input type=\"text\" id=\"wpforms-48-field_0\" class=\"wpforms-field-medium wpforms-field-required\" name=\"wpforms[fields][0]\" required><\/div><div id=\"wpforms-48-field_1-container\" class=\"wpforms-field wpforms-field-email\" data-field-id=\"1\"><label class=\"wpforms-field-label\" for=\"wpforms-48-field_1\">Email <span class=\"wpforms-required-label\">*<\/span><\/label><input type=\"email\" id=\"wpforms-48-field_1\" class=\"wpforms-field-medium wpforms-field-required\" name=\"wpforms[fields][1]\" spellcheck=\"false\" required><\/div><div id=\"wpforms-48-field_2-container\" class=\"wpforms-field wpforms-field-textarea\" data-field-id=\"2\"><label class=\"wpforms-field-label\" for=\"wpforms-48-field_2\">Comentarios <span class=\"wpforms-required-label\">*<\/span><\/label><textarea id=\"wpforms-48-field_2\" class=\"wpforms-field-medium wpforms-field-required\" name=\"wpforms[fields][2]\" required><\/textarea><\/div><\/div><!-- .wpforms-field-container --><div class=\"wpforms-field wpforms-field-hp\"><label for=\"wpforms-48-field-hp\" class=\"wpforms-field-label\">Website<\/label><input type=\"text\" name=\"wpforms[hp]\" id=\"wpforms-48-field-hp\" class=\"wpforms-field-medium\"><\/div><div class=\"wpforms-submit-container\" ><input type=\"hidden\" name=\"wpforms[id]\" value=\"48\"><input type=\"hidden\" name=\"page_title\" value=\"\"><input type=\"hidden\" name=\"page_url\" value=\"https:\/\/logisticayseguridad.com\/wordpress\/wp-json\/wp\/v2\/pages\/5\"><input type=\"hidden\" name=\"url_referer\" value=\"\"><button type=\"submit\" name=\"wpforms[submit]\" id=\"wpforms-submit-48\" class=\"wpforms-submit\" data-alt-text=\"Enviando...\" data-submit-text=\"Enviar\" aria-live=\"assertive\" value=\"wpforms-submit\">Enviar<\/button><\/div><\/form><\/div>  <!-- .wpforms-container --><\/div><\/div> <\/div><\/div> <\/div><\/div>","protected":false},"excerpt":{"rendered":"<p>Logitrack Rastreo satelital vehicular Online. Seguimiento de veh\u00edculos eficaz. Dom\u00f3tica y Remodelaciones Has que tus espacios cobren vida y controla todo desde de tu mano. Log\u00edstica y Seguridad Logitrack S.A.S Soluciones t\u00e9cnologicas aplicadas a la seguridad. Ingresa ahora a nuestra plataforma de Rastreo Veh\u00edcular. Acceder Ahora Contadores Estamos para ofrecerte lo mejor, nuestros servicios ee&hellip; <br \/> <a class=\"read-more\" href=\"https:\/\/logisticayseguridad.com\/wordpress\/2019\/12\/16\/hola-mundo\/\">Leer m\u00e1s<\/a><\/p>\n","protected":false},"author":1,"featured_media":0,"parent":0,"menu_order":0,"comment_status":"closed","ping_status":"closed","template":"page-templates\/homepage.php","meta":{"footnotes":""},"class_list":["post-5","page","type-page","status-publish","hentry"],"_links":{"self":[{"href":"https:\/\/logisticayseguridad.com\/wordpress\/wp-json\/wp\/v2\/pages\/5","targetHints":{"allow":["GET"]}}],"collection":[{"href":"https:\/\/logisticayseguridad.com\/wordpress\/wp-json\/wp\/v2\/pages"}],"about":[{"href":"https:\/\/logisticayseguridad.com\/wordpress\/wp-json\/wp\/v2\/types\/page"}],"author":[{"embeddable":true,"href":"https:\/\/logisticayseguridad.com\/wordpress\/wp-json\/wp\/v2\/users\/1"}],"replies":[{"embeddable":true,"href":"https:\/\/logisticayseguridad.com\/wordpress\/wp-json\/wp\/v2\/comments?post=5"}],"version-history":[{"count":7,"href":"https:\/\/logisticayseguridad.com\/wordpress\/wp-json\/wp\/v2\/pages\/5\/revisions"}],"predecessor-version":[{"id":55,"href":"https:\/\/logisticayseguridad.com\/wordpress\/wp-json\/wp\/v2\/pages\/5\/revisions\/55"}],"wp:attachment":[{"href":"https:\/\/logisticayseguridad.com\/wordpress\/wp-json\/wp\/v2\/media?parent=5"}],"curies":[{"name":"wp","href":"https:\/\/api.w.org\/{rel}","templated":true}]}}