{"id":40,"date":"2019-12-18T22:17:48","date_gmt":"2019-12-19T03:17:48","guid":{"rendered":"http:\/\/logitrack.info\/wordpress\/?page_id=40"},"modified":"2019-12-18T22:17:48","modified_gmt":"2019-12-19T03:17:48","slug":"seguros","status":"publish","type":"page","link":"https:\/\/logisticayseguridad.com\/wordpress\/seguros\/","title":{"rendered":"Seguros"},"content":{"rendered":"\n<p>Conoce los diferentes campos en los que te puedes asegurar con nosotros; Porque sabemos que tu tranquilidad\u00a0 es lo m\u00e1s importante para nosotros:<\/p>\n\n\n\n<h3 class=\"wp-block-heading\"> Renta y Educaci\u00f3n <\/h3>\n\n\n\n<p> En estos programas de protecci\u00f3n se ofrece un conjunto de servicios y coberturas para el asegurado y su familia, que le permite disfrutar de lo que hace a pesar de las dificultades que se presenten, en donde se garantizara una renta para conservar la calidad de vida de sus beneficiarios o se garantiza el pago de la educaci\u00f3n b\u00e1sica y universitaria de sus hijos, tambi\u00e9n dentro de esta l\u00ednea de programas encontramos SEGURO DE VIDA DEUDOR, siendo este dise\u00f1ado acorde a los requerimientos del sector financiero. <\/p>\n\n\n\n<h3 class=\"wp-block-heading\"> Veh\u00edculos <\/h3>\n\n\n\n<p> Protegemos su veh\u00edculo en caso de hurto o da\u00f1o. As\u00ed como al tomador, conductor y a terceros afectados, siendo estos casos de mayor ocurrencia en la cotidianidad de las personas, convirti\u00e9ndonos en el mayor aliado y defensor de los intereses particulares de nuestros asegurados, vale la pena mencionar las nuevas coberturas de Da\u00f1o Moral y Da\u00f1o Emergente, adem\u00e1s de muchos m\u00e1s amparos, tanto en p\u00f3lizas individuales y colectivas. <\/p>\n\n\n\n<h3 class=\"wp-block-heading\"> Salud<\/h3>\n\n\n\n<p> Desarrolla esquemas en mantener y mejorar la calidad de vida de nuestros asegurados, implementando planes de promoci\u00f3n y prevenci\u00f3n, por parte de nuestro equipo de profesionales. Es nuestra preocupaci\u00f3n el cuidado de su salud y la de su familia, permiti\u00e9ndonos ofrecer el producto m\u00e1s completo y de mayor cobertura del mercado. <\/p>\n\n\n\n<h3 class=\"wp-block-heading\"> Hogar<\/h3>\n\n\n\n<p> Protegemos su casa o apartamento en caso de hurto o da\u00f1o, as\u00ed como a sus habitantes y la responsabilidad de perjuicios ante terceros.<br>Nosotros reparamos los da\u00f1os que haya sufrido su hogar y ante una emergencia que pueda afectar sus actividades o su salud y la de su familia, los trasladamos a los mejores hoteles de su ciudad. <\/p>\n\n\n\n<h3 class=\"wp-block-heading\"> ARL-SGRP<\/h3>\n\n\n\n<p> (Sistema General de Riesgos Profesionales), Es el conjunto de entidades p\u00fablicas y privadas, normas y procedimientos destinados a prevenir, proteger y atender a los trabajadores de los efectos de las enfermedades y los accidentes que puedan ocurrirles con ocasi\u00f3n o como consecuencia del trabajo que desarrollan, contando con un equipo especializado en la administraci\u00f3n de riesgos que ayudan a identificar los aspectos a mejorar en la prevenci\u00f3n de enfermedades y accidentes laborales. <\/p>\n\n\n\n<h3 class=\"wp-block-heading\"> P\u00f3lizas<\/h3>\n\n\n\n<p> <strong>P\u00f3liza de Seguro Multiriesgo para Empresas Industriales, Comerciales o de Servicios (Incluyendo Maquinaria Amarilla)<\/strong> <\/p>\n\n\n\n<ul class=\"wp-block-list\"><li>Protegemos las propiedades y el patrimonio de su empresa en caso de ocurrencia de m\u00faltiples eventos que afecten su estabilidad y continuidad.<\/li><li>Con una sola llamada atendemos las emergencias por da\u00f1os y\/o hurto en su empresa.<\/li><li>Reparamos los da\u00f1os que hayan sufrido su industria o comercio, con altos est\u00e1ndares de calidad.<\/li><li>En eventos catastr\u00f3ficos de gran impacto (inundaciones, terrorismo, terremoto).<\/li><li>Protegemos a las Industria y\/o Comercio en caso de:<ul><li>Desastres Naturales: <ul><li> Terremoto, temblor, erupci\u00f3n volc\u00e1nica y rayo. <\/li><li> Inundaci\u00f3n, da\u00f1os por agua, granizo, vientos fuertes, ca\u00edda de aeronaves <\/li><\/ul><\/li><\/ul><\/li><\/ul>\n","protected":false},"excerpt":{"rendered":"<p>Conoce los diferentes campos en los que te puedes asegurar con nosotros; Porque sabemos que tu tranquilidad\u00a0 es lo m\u00e1s importante para nosotros: Renta y Educaci\u00f3n En estos programas de protecci\u00f3n se ofrece un conjunto de servicios y coberturas para el asegurado y su familia, que le permite disfrutar de lo que hace a pesar&hellip; <br \/> <a class=\"read-more\" href=\"https:\/\/logisticayseguridad.com\/wordpress\/seguros\/\">Leer m\u00e1s<\/a><\/p>\n","protected":false},"author":1,"featured_media":0,"parent":0,"menu_order":0,"comment_status":"closed","ping_status":"closed","template":"","meta":{"footnotes":""},"class_list":["post-40","page","type-page","status-publish","hentry"],"_links":{"self":[{"href":"https:\/\/logisticayseguridad.com\/wordpress\/wp-json\/wp\/v2\/pages\/40","targetHints":{"allow":["GET"]}}],"collection":[{"href":"https:\/\/logisticayseguridad.com\/wordpress\/wp-json\/wp\/v2\/pages"}],"about":[{"href":"https:\/\/logisticayseguridad.com\/wordpress\/wp-json\/wp\/v2\/types\/page"}],"author":[{"embeddable":true,"href":"https:\/\/logisticayseguridad.com\/wordpress\/wp-json\/wp\/v2\/users\/1"}],"replies":[{"embeddable":true,"href":"https:\/\/logisticayseguridad.com\/wordpress\/wp-json\/wp\/v2\/comments?post=40"}],"version-history":[{"count":1,"href":"https:\/\/logisticayseguridad.com\/wordpress\/wp-json\/wp\/v2\/pages\/40\/revisions"}],"predecessor-version":[{"id":41,"href":"https:\/\/logisticayseguridad.com\/wordpress\/wp-json\/wp\/v2\/pages\/40\/revisions\/41"}],"wp:attachment":[{"href":"https:\/\/logisticayseguridad.com\/wordpress\/wp-json\/wp\/v2\/media?parent=40"}],"curies":[{"name":"wp","href":"https:\/\/api.w.org\/{rel}","templated":true}]}}