{"id":14,"date":"2019-12-17T22:23:42","date_gmt":"2019-12-18T03:23:42","guid":{"rendered":"http:\/\/logitrack.info\/wordpress\/?page_id=14"},"modified":"2019-12-18T00:19:52","modified_gmt":"2019-12-18T05:19:52","slug":"dispositivos-gps","status":"publish","type":"page","link":"https:\/\/logisticayseguridad.com\/wordpress\/dispositivos-gps\/","title":{"rendered":"Dispositivos GPS"},"content":{"rendered":"\n<div class=\"wp-block-columns is-layout-flex wp-container-core-columns-is-layout-9d6595d7 wp-block-columns-is-layout-flex\">\n<div class=\"wp-block-column is-layout-flow wp-block-column-is-layout-flow\">\n<div class=\"wp-block-columns is-layout-flex wp-container-core-columns-is-layout-9d6595d7 wp-block-columns-is-layout-flex\">\n<div class=\"wp-block-column is-layout-flow wp-block-column-is-layout-flow\">\n<figure class=\"wp-block-image size-large\"><img loading=\"lazy\" decoding=\"async\" width=\"436\" height=\"272\" src=\"http:\/\/logitrack.info\/wordpress\/wp-content\/uploads\/2019\/12\/GSM2374-436x272-1.jpg\" alt=\"\" class=\"wp-image-26\" srcset=\"https:\/\/logisticayseguridad.com\/wordpress\/wp-content\/uploads\/2019\/12\/GSM2374-436x272-1.jpg 436w, https:\/\/logisticayseguridad.com\/wordpress\/wp-content\/uploads\/2019\/12\/GSM2374-436x272-1-300x187.jpg 300w\" sizes=\"auto, (max-width: 436px) 100vw, 436px\" \/><figcaption>GSM2374<\/figcaption><\/figure>\n\n\n\n<p>Dise\u00f1ado para los proveedores de aplicaciones, integradores de sistemas y clientes empresariales a optimizar los recursos m\u00f3viles y mejorar sus resultados, El MT4000 es un dispositivo de localizaci\u00f3n m\u00f3vil con un sistema flexible de cuatro bandas GSM\/GPRS, que ofrece las caracter\u00edsticas de los productos que alimentan las aplicaciones m\u00e1s exigentes: la gesti\u00f3n de flotillas&#8230;<\/p>\n<\/div>\n\n\n\n<div class=\"wp-block-column is-layout-flow wp-block-column-is-layout-flow\">\n<figure class=\"wp-block-image size-large\"><img loading=\"lazy\" decoding=\"async\" width=\"436\" height=\"272\" src=\"http:\/\/logitrack.info\/wordpress\/wp-content\/uploads\/2019\/12\/GSM2448-436x272-1.jpg\" alt=\"\" class=\"wp-image-29\" srcset=\"https:\/\/logisticayseguridad.com\/wordpress\/wp-content\/uploads\/2019\/12\/GSM2448-436x272-1.jpg 436w, https:\/\/logisticayseguridad.com\/wordpress\/wp-content\/uploads\/2019\/12\/GSM2448-436x272-1-300x187.jpg 300w\" sizes=\"auto, (max-width: 436px) 100vw, 436px\" \/><figcaption>GSM2418<\/figcaption><\/figure>\n\n\n\n<p> Dise\u00f1ado para los proveedores de aplicaciones, integradores de sistemas y clientes empresariales a optimizar los recursos m\u00f3viles y mejorar sus resultados, El MT4000 es un dispositivo de localizaci\u00f3n m\u00f3vil con un sistema flexible de cuatro bandas GSM\/GPRS, que ofrece las caracter\u00edsticas de los productos que alimentan las aplicaciones m\u00e1s exigentes: la gesti\u00f3n de flotillas&#8230; <\/p>\n<\/div>\n<\/div>\n<\/div>\n\n\n\n<div class=\"wp-block-column is-layout-flow wp-block-column-is-layout-flow\">\n<div class=\"wp-block-columns is-layout-flex wp-container-core-columns-is-layout-9d6595d7 wp-block-columns-is-layout-flex\">\n<div class=\"wp-block-column is-layout-flow wp-block-column-is-layout-flow\">\n<figure class=\"wp-block-image size-large\"><img loading=\"lazy\" decoding=\"async\" width=\"436\" height=\"272\" src=\"http:\/\/logitrack.info\/wordpress\/wp-content\/uploads\/2019\/12\/skypatrol-436x272-1.jpg\" alt=\"\" class=\"wp-image-34\" srcset=\"https:\/\/logisticayseguridad.com\/wordpress\/wp-content\/uploads\/2019\/12\/skypatrol-436x272-1.jpg 436w, https:\/\/logisticayseguridad.com\/wordpress\/wp-content\/uploads\/2019\/12\/skypatrol-436x272-1-300x187.jpg 300w\" sizes=\"auto, (max-width: 436px) 100vw, 436px\" \/><figcaption>Skypatrol<\/figcaption><\/figure>\n\n\n\n<p>Localizador de veh\u00edculos, dispositivo cuatribanda GSM, tiene conector para antenas GSM\/GPS externas y dispone de 2 entradas\/salidas digitales y 1 salida digital fija, sensor de Ignici\u00f3n. Es utilizado para la gesti\u00f3n de flotas y seguimiento de veh\u00edculos. En la versi\u00f3n 2438 se cuenta con ACELER\u00d3METRO de 3 ejes para monitorear el comportamiento conductor frenadas&#8230; <\/p>\n<\/div>\n\n\n\n<div class=\"wp-block-column is-layout-flow wp-block-column-is-layout-flow\">\n<figure class=\"wp-block-image size-large\"><img loading=\"lazy\" decoding=\"async\" width=\"436\" height=\"272\" src=\"http:\/\/logitrack.info\/wordpress\/wp-content\/uploads\/2019\/12\/GSM2448O-436x272-1.jpg\" alt=\"\" class=\"wp-image-38\" srcset=\"https:\/\/logisticayseguridad.com\/wordpress\/wp-content\/uploads\/2019\/12\/GSM2448O-436x272-1.jpg 436w, https:\/\/logisticayseguridad.com\/wordpress\/wp-content\/uploads\/2019\/12\/GSM2448O-436x272-1-300x187.jpg 300w\" sizes=\"auto, (max-width: 436px) 100vw, 436px\" \/><figcaption>GSM 2448<\/figcaption><\/figure>\n\n\n\n<p> Dise\u00f1ado para los proveedores de aplicaciones, integradores de sistemas y clientes empresariales a optimizar los recursos m\u00f3viles y mejorar sus resultados, El MT4000 es un dispositivo de localizaci\u00f3n m\u00f3vil con un sistema flexible de cuatro bandas GSM\/GPRS, que ofrece las caracter\u00edsticas de los productos que alimentan las aplicaciones m\u00e1s exigentes: la gesti\u00f3n de flotillas&#8230; <\/p>\n<\/div>\n<\/div>\n<\/div>\n<\/div>\n\n\n\n<p><\/p>\n","protected":false},"excerpt":{"rendered":"<p>Dise\u00f1ado para los proveedores de aplicaciones, integradores de sistemas y clientes empresariales a optimizar los recursos m\u00f3viles y mejorar sus resultados, El MT4000 es un dispositivo de localizaci\u00f3n m\u00f3vil con un sistema flexible de cuatro bandas GSM\/GPRS, que ofrece las caracter\u00edsticas de los productos que alimentan las aplicaciones m\u00e1s exigentes: la gesti\u00f3n de flotillas&#8230; Dise\u00f1ado&hellip; <br \/> <a class=\"read-more\" href=\"https:\/\/logisticayseguridad.com\/wordpress\/dispositivos-gps\/\">Leer m\u00e1s<\/a><\/p>\n","protected":false},"author":1,"featured_media":0,"parent":0,"menu_order":0,"comment_status":"closed","ping_status":"closed","template":"","meta":{"footnotes":""},"class_list":["post-14","page","type-page","status-publish","hentry"],"_links":{"self":[{"href":"https:\/\/logisticayseguridad.com\/wordpress\/wp-json\/wp\/v2\/pages\/14","targetHints":{"allow":["GET"]}}],"collection":[{"href":"https:\/\/logisticayseguridad.com\/wordpress\/wp-json\/wp\/v2\/pages"}],"about":[{"href":"https:\/\/logisticayseguridad.com\/wordpress\/wp-json\/wp\/v2\/types\/page"}],"author":[{"embeddable":true,"href":"https:\/\/logisticayseguridad.com\/wordpress\/wp-json\/wp\/v2\/users\/1"}],"replies":[{"embeddable":true,"href":"https:\/\/logisticayseguridad.com\/wordpress\/wp-json\/wp\/v2\/comments?post=14"}],"version-history":[{"count":6,"href":"https:\/\/logisticayseguridad.com\/wordpress\/wp-json\/wp\/v2\/pages\/14\/revisions"}],"predecessor-version":[{"id":39,"href":"https:\/\/logisticayseguridad.com\/wordpress\/wp-json\/wp\/v2\/pages\/14\/revisions\/39"}],"wp:attachment":[{"href":"https:\/\/logisticayseguridad.com\/wordpress\/wp-json\/wp\/v2\/media?parent=14"}],"curies":[{"name":"wp","href":"https:\/\/api.w.org\/{rel}","templated":true}]}}